{"id":2,"date":"2018-05-16T17:51:11","date_gmt":"2018-05-16T15:51:11","guid":{"rendered":"https:\/\/manni89.lima-city.de\/?page_id=2"},"modified":"2020-02-20T20:30:03","modified_gmt":"2020-02-20T19:30:03","slug":"beispiel-seite","status":"publish","type":"page","link":"https:\/\/manni89.lima-city.de\/?page_id=2","title":{"rendered":"Fotobox \/ Photobooth"},"content":{"rendered":"<p>Wie es sich f\u00fcr den Modernen Fotografen geh\u00f6rt, habe ich auch einen Fotoautomaten, auch als Fotobox oder auch Photobooth bekannt, im Einsatz. Mit diesem Ger\u00e4t k\u00f6nnen sich Eure G\u00e4ste auf der Feier\/Veranstaltung selbst portraitieren. Dabei entstehen Schnappsch\u00fcsse ganz ohne Hemmungen, da &#8220;nur&#8221; der Automat als Fotograf den Job macht.<\/p>\n<p>Der Fotoautomat eignet sich selbstverst\u00e4ndlich nicht nur f\u00fcr Hochzeiten, sondern ist der Treffpunkt auf jeder Firmen- und Vereinsfeier bzw. Geburtstagen und vielen anderen Anl\u00e4ssen.<\/p>\n<p><img loading=\"lazy\" class=\"alignnone size-large wp-image-504\" src=\"https:\/\/i0.wp.com\/manni89.lima-city.de\/wp-content\/uploads\/2018\/05\/MM7_3323-1.jpg?resize=790%2C528&#038;ssl=1\" alt=\"\" width=\"790\" height=\"528\" srcset=\"https:\/\/i0.wp.com\/manni89.lima-city.de\/wp-content\/uploads\/2018\/05\/MM7_3323-1.jpg?resize=1024%2C684&amp;ssl=1 1024w, https:\/\/i0.wp.com\/manni89.lima-city.de\/wp-content\/uploads\/2018\/05\/MM7_3323-1.jpg?resize=300%2C200&amp;ssl=1 300w, https:\/\/i0.wp.com\/manni89.lima-city.de\/wp-content\/uploads\/2018\/05\/MM7_3323-1.jpg?resize=768%2C513&amp;ssl=1 768w, https:\/\/i0.wp.com\/manni89.lima-city.de\/wp-content\/uploads\/2018\/05\/MM7_3323-1.jpg?resize=600%2C401&amp;ssl=1 600w, https:\/\/i0.wp.com\/manni89.lima-city.de\/wp-content\/uploads\/2018\/05\/MM7_3323-1.jpg?w=1580&amp;ssl=1 1580w, https:\/\/i0.wp.com\/manni89.lima-city.de\/wp-content\/uploads\/2018\/05\/MM7_3323-1.jpg?w=2370&amp;ssl=1 2370w\" sizes=\"(max-width: 790px) 100vw, 790px\" data-recalc-dims=\"1\" \/><\/p>\n<p>Es wird ein normaler Stromanschluss und eine vor Regen, Schnee und sonstiger Feuchtigkeit gesch\u00fctzt Stellfl\u00e4che von ca. 4x4m ben\u00f6tigt. Den Rest wie Aufbau und Abbau, stellen des Hintergrundes \u00fcbernehme ich f\u00fcr euch und ist inklusive. Meine Hintergr\u00fcnde sind 3 Meter breit und werden mit einen speziellen Stativsystem aufgebaut. Die Box selbst wird dann je nach Geschmack, 2-4 Meter vom Hintergrund entfernt aufgestellt.<\/p>\n<p>Die Fotobox muss vor Regen, Schnee und sonstiger Feuchtigkeit gesch\u00fctzt sein.\u00a0 Ansonsten steht dem Aufbau au\u00dferhalb eines Geb\u00e4udes nichts im Wege. Der Einsatz in Festzelten und Pavillons ist durchaus m\u00f6glich.<\/p>\n<p>Ben\u00f6tigen wir einen Hintergrund? Das ist abh\u00e4ngig von den Gegebenheiten vor Ort. Eventuell gibt es dort eine sch\u00f6ne Wand, die sich daf\u00fcr anbietet. Oder ein sch\u00f6nes M\u00f6belst\u00fcck wie beispielsweise einen antiken Schrank oder ein sch\u00f6nes Sofa. Muss die Fotobox frei im Raum platziert werden, empfiehlt sich ein Hintergrund.<\/p>\n<p><img loading=\"lazy\" class=\"alignnone size-large wp-image-769\" src=\"https:\/\/i1.wp.com\/manni89.lima-city.de\/wp-content\/uploads\/2020\/02\/20190519_010307_831.jpg?resize=790%2C527&#038;ssl=1\" alt=\"\" width=\"790\" height=\"527\" srcset=\"https:\/\/i1.wp.com\/manni89.lima-city.de\/wp-content\/uploads\/2020\/02\/20190519_010307_831.jpg?resize=1024%2C683&amp;ssl=1 1024w, https:\/\/i1.wp.com\/manni89.lima-city.de\/wp-content\/uploads\/2020\/02\/20190519_010307_831.jpg?resize=300%2C200&amp;ssl=1 300w, https:\/\/i1.wp.com\/manni89.lima-city.de\/wp-content\/uploads\/2020\/02\/20190519_010307_831.jpg?resize=768%2C512&amp;ssl=1 768w, https:\/\/i1.wp.com\/manni89.lima-city.de\/wp-content\/uploads\/2020\/02\/20190519_010307_831.jpg?w=1800&amp;ssl=1 1800w, https:\/\/i1.wp.com\/manni89.lima-city.de\/wp-content\/uploads\/2020\/02\/20190519_010307_831.jpg?w=1580&amp;ssl=1 1580w\" sizes=\"(max-width: 790px) 100vw, 790px\" data-recalc-dims=\"1\" \/><\/p>\n<p>Immer mit im Gep\u00e4ck ein Gro\u00dfer Koffer mit lustigem Zubeh\u00f6r wie verschiedenen Per\u00fccken, Brillen, H\u00fcten und weiteren Accessoires.<\/p>\n<p>Diese Fotobox hat keinen Selbstausl\u00f6ser, sondern wird \u00fcber eine einfache Ber\u00fchrung des Displays gestartet. Das hat den Vorteil, dass Eure G\u00e4ste keine Fotos mit Ausl\u00f6ser im Bild erhalten, der Sender nicht verschwinden kann und man keine l\u00e4stigen Akkuwechsel hat.<\/p>\n<p>Also Aufstellung nehmen, Bildschirm ber\u00fchren, Blitz \u2013 Knips. Die Fotos k\u00f6nnt Ihr direkt am Bildschirm ansehen sowie die Eurer Vorg\u00e4nger. Der Spa\u00df ist dabei garantiert!<\/p>\n<p>Gibt es einen Drucker dazu? Wie lange dauert es die Fotos zu drucken? Es kann zus\u00e4tzlich zur Fotobox ein Professioneller Foto Drucker dazu gebucht werden. In der Regel dauert es nicht l\u00e4nger als 7-9 Sekunden, bis eure G\u00e4ste die Fotos in den H\u00e4nden halten k\u00f6nnen.<\/p>\n<p><img loading=\"lazy\" class=\"alignnone size-large wp-image-505\" src=\"https:\/\/i0.wp.com\/manni89.lima-city.de\/wp-content\/uploads\/2018\/05\/20170930_183534_340-1.jpg?resize=790%2C527&#038;ssl=1\" alt=\"\" width=\"790\" height=\"527\" srcset=\"https:\/\/i0.wp.com\/manni89.lima-city.de\/wp-content\/uploads\/2018\/05\/20170930_183534_340-1.jpg?resize=1024%2C683&amp;ssl=1 1024w, https:\/\/i0.wp.com\/manni89.lima-city.de\/wp-content\/uploads\/2018\/05\/20170930_183534_340-1.jpg?resize=300%2C200&amp;ssl=1 300w, https:\/\/i0.wp.com\/manni89.lima-city.de\/wp-content\/uploads\/2018\/05\/20170930_183534_340-1.jpg?resize=768%2C512&amp;ssl=1 768w, https:\/\/i0.wp.com\/manni89.lima-city.de\/wp-content\/uploads\/2018\/05\/20170930_183534_340-1.jpg?resize=600%2C400&amp;ssl=1 600w, https:\/\/i0.wp.com\/manni89.lima-city.de\/wp-content\/uploads\/2018\/05\/20170930_183534_340-1.jpg?w=1800&amp;ssl=1 1800w, https:\/\/i0.wp.com\/manni89.lima-city.de\/wp-content\/uploads\/2018\/05\/20170930_183534_340-1.jpg?w=1580&amp;ssl=1 1580w\" sizes=\"(max-width: 790px) 100vw, 790px\" data-recalc-dims=\"1\" \/><\/p>\n<p>&nbsp;<\/p>\n<p>Brauchen wir den Fotodrucker? Nicht unbedingt. Wir leben in einer Zeit, in der man Momente gerne digital mit seinen Freunden oder Familie teilt \u2013 durch die Variante mit der Onlinegalerie kann ein \u201eGru\u00df von der Hochzeit\u201c z.B. per E-Mail verschickt werden. Will man dann doch noch eine ausgedruckte Variante des Bildes, kann man es sich jederzeit im Nachhinein in beliebiger Gr\u00f6\u00dfe entwickeln lassen. Dies ist sogar direkt \u00fcber die Online-Galerie bestellbar!<\/p>\n<p>K\u00f6nnen wir unsere Namen auf dem Ausdruck haben? Ihr habt nat\u00fcrlich die M\u00f6glichkeit eure Namen auf das Papier drucken zu lassen. Dazu m\u00fcsst Ihr mich jedoch fr\u00fch genug ansprechen, damit ich die die Namen und Farben erstellen kann.<\/p>\n<p>Welches Drucklayout kann man w\u00e4hlen? Wenn Ihr die Fotobox mit Drucker bucht, k\u00f6nnt Ihr aus verschiedensten Vorlagen w\u00e4hlen. Ihr habt z.B. die Auswahl ob der Drucker 2 Streifen mit jeweils 3 Fotos druckt, oder nur ein Foto pro Seite. Es gibt viele M\u00f6glichkeiten, sprecht mich einfach vorher an.<\/p>\n<p>Alle Fotos des Automaten werden auf DVD oder USB-Stick geliefert und sind kurz nach der Feier in einer privaten Online-Galerie abrufbar.<\/p>\n<p>Ohne Limit. Der Fotoautomat ist so lange auf Eurer Feier, wie ihr das m\u00f6chtet. Wie viel Ihr damit knipst, ist Eure Sache!<\/p>\n<p>Was bedeutet Foto Flatrate? Die Foto Flatrate ist in allen Paketen inbegriffen und bedeutet, das Ihr so viele Fotos machen k\u00f6nnt wie Ihr m\u00f6chtet. Da die Fotobox mit einem Computer verbunden ist, gibt es also massig Platz f\u00fcr eure kreativen G\u00e4ste. Sollte bei der Fotobox mit Drucker mal das Papier aufgebraucht sein, werden trotzdem alle weiteren Fotos auf der Festplatte gespeichert.<\/p>\n<p>Ist die Fotobox versichert? Die Fotobox ist in der Regel \u00fcber eure Haftpflichtversicherung abgesichert. Ihr solltet das aber sicherheitshalber vorher mit der Versicherung kl\u00e4ren!<\/p>\n<p><img loading=\"lazy\" class=\"alignnone size-large wp-image-767\" src=\"https:\/\/i2.wp.com\/manni89.lima-city.de\/wp-content\/uploads\/2020\/02\/20191117_030356_125.jpg?resize=790%2C527&#038;ssl=1\" alt=\"\" width=\"790\" height=\"527\" srcset=\"https:\/\/i2.wp.com\/manni89.lima-city.de\/wp-content\/uploads\/2020\/02\/20191117_030356_125.jpg?resize=1024%2C683&amp;ssl=1 1024w, https:\/\/i2.wp.com\/manni89.lima-city.de\/wp-content\/uploads\/2020\/02\/20191117_030356_125.jpg?resize=300%2C200&amp;ssl=1 300w, https:\/\/i2.wp.com\/manni89.lima-city.de\/wp-content\/uploads\/2020\/02\/20191117_030356_125.jpg?resize=768%2C512&amp;ssl=1 768w, https:\/\/i2.wp.com\/manni89.lima-city.de\/wp-content\/uploads\/2020\/02\/20191117_030356_125.jpg?w=1800&amp;ssl=1 1800w, https:\/\/i2.wp.com\/manni89.lima-city.de\/wp-content\/uploads\/2020\/02\/20191117_030356_125.jpg?w=1580&amp;ssl=1 1580w\" sizes=\"(max-width: 790px) 100vw, 790px\" data-recalc-dims=\"1\" \/><\/p>\n<blockquote><p>Fotobox\/Photobooth ohne Drucker<\/p>\n<p>Leistungen:<\/p>\n<p>&#8211; Photobox mit Blitzanlage<\/p>\n<p>&#8211; Hintergrund<\/p>\n<p>&#8211; Auf- und Abbau<\/p>\n<p>&#8211; H\u00fcte, Perr\u00fccken, Brillen etc.<\/p>\n<p>&#8211; alle Fotos auf DVD \/ USB<\/p>\n<p>&#8211; Webgalerie<\/p>\n<p>&#8211; Umkreis 30km<\/p>\n<p><strong>\u00a0 199,\u2014 \u20ac<\/strong><\/p><\/blockquote>\n<p>&nbsp;<\/p>\n<blockquote><p>Fotobox\/Photobooth Mit Drucker<\/p>\n<p>Leistungen:<\/p>\n<p>&#8211;\u00a0 Photobox mit Blitzanlage<\/p>\n<p>&#8211; Professioneller Drucker.<\/p>\n<p>&#8211; 300 Bilder im Format 10&#215;15 (4&#215;6) beziehungsweise 600 Bilder im Format 5&#215;15 (2&#215;6) als\u00a0 Streifen<\/p>\n<p>&#8211; Hintergrund<\/p>\n<p>&#8211; Auf- und Abbau<\/p>\n<p>&#8211; H\u00fcte, Perr\u00fccken, Brillen etc.<\/p>\n<p>&#8211; alle Fotos auf DVD \/ USB<\/p>\n<p>&#8211; Webgalerie<\/p>\n<p>&#8211;\u00a0 Umkreis 30km<\/p>\n<p><strong>\u00a0\u00a0 269,\u2014 \u20ac<\/strong><\/p><\/blockquote>\n<p><strong><a href=\"https:\/\/redactor-assets-pictrs-com.s3.amazonaws.com\/redactor2_assets\/files\/1371\/MIETVERTRAG%20%C3%9CBER%20EINE%20FOTOBOX-Muster.pdf\" data-redactor-span=\"true\"><span style=\"color: #800000;\">MIETVERTRAG \u00dcBER EINE FOTOBOX-Muster.pdf<\/span><\/a><\/strong><\/p>\n<p>manig-fotografie@freenet.de<\/p>\n<p>&nbsp;<\/p>\n","protected":false},"excerpt":{"rendered":"<p>Wie es sich f\u00fcr den Modernen Fotografen geh\u00f6rt, habe ich auch einen Fotoautomaten, auch als Fotobox oder auch Photobooth bekannt,&hellip; <\/p>\n","protected":false},"author":1,"featured_media":0,"parent":0,"menu_order":0,"comment_status":"closed","ping_status":"open","template":"","meta":{"spay_email":""},"jetpack_sharing_enabled":true,"jetpack_shortlink":"https:\/\/wp.me\/P9V88P-2","_links":{"self":[{"href":"https:\/\/manni89.lima-city.de\/index.php?rest_route=\/wp\/v2\/pages\/2"}],"collection":[{"href":"https:\/\/manni89.lima-city.de\/index.php?rest_route=\/wp\/v2\/pages"}],"about":[{"href":"https:\/\/manni89.lima-city.de\/index.php?rest_route=\/wp\/v2\/types\/page"}],"author":[{"embeddable":true,"href":"https:\/\/manni89.lima-city.de\/index.php?rest_route=\/wp\/v2\/users\/1"}],"replies":[{"embeddable":true,"href":"https:\/\/manni89.lima-city.de\/index.php?rest_route=%2Fwp%2Fv2%2Fcomments&post=2"}],"version-history":[{"count":10,"href":"https:\/\/manni89.lima-city.de\/index.php?rest_route=\/wp\/v2\/pages\/2\/revisions"}],"predecessor-version":[{"id":770,"href":"https:\/\/manni89.lima-city.de\/index.php?rest_route=\/wp\/v2\/pages\/2\/revisions\/770"}],"wp:attachment":[{"href":"https:\/\/manni89.lima-city.de\/index.php?rest_route=%2Fwp%2Fv2%2Fmedia&parent=2"}],"curies":[{"name":"wp","href":"https:\/\/api.w.org\/{rel}","templated":true}]}}